{"id":19,"date":"2019-08-12T21:42:12","date_gmt":"2019-08-13T02:42:12","guid":{"rendered":"http:\/\/jimenezsilva.com\/?page_id=19"},"modified":"2025-04-02T17:06:14","modified_gmt":"2025-04-02T23:06:14","slug":"contact","status":"publish","type":"page","link":"https:\/\/jimenezsilva.com\/?page_id=19","title":{"rendered":"Contacto"},"content":{"rendered":"\n<p><\/p>\n\n\n\n<p>                                                 <strong>email:<\/strong>   jimenezsilvabienesraices@gmail.com <\/p>\n\n\n\n<p>                                                 <strong>Tel\u00e9fono: <\/strong>    55 88 05 80 20<\/p>\n\n\n\n<p>                                                 <strong>Direcci\u00f3n:<\/strong>   Av Prolongaci\u00f3n Hidalgo 66 P1 <\/p>\n\n\n\n<p>                                                                       Col. San Pedro Barrientos, Tlalnepantla, Edo. M\u00e9xico<\/p>\n\n\n\n<p>                                                 <strong>CP: <\/strong> 54010<\/p>\n","protected":false},"excerpt":{"rendered":"<p>email: jimenezsilvabienesraices@gmail.com Tel\u00e9fono: 55 88 05 80 20 Direcci\u00f3n: Av Prolongaci\u00f3n Hidalgo 66 P1 Col. San Pedro Barrientos, Tlalnepantla, Edo.&hellip;<\/p>\n","protected":false},"author":1,"featured_media":0,"parent":0,"menu_order":0,"comment_status":"closed","ping_status":"closed","template":"","meta":{"_coblocks_attr":"","_coblocks_dimensions":"","_coblocks_responsive_height":"","_coblocks_accordion_ie_support":"","_joinchat":[],"footnotes":""},"class_list":["post-19","page","type-page","status-publish","hentry"],"_links":{"self":[{"href":"https:\/\/jimenezsilva.com\/index.php?rest_route=\/wp\/v2\/pages\/19","targetHints":{"allow":["GET"]}}],"collection":[{"href":"https:\/\/jimenezsilva.com\/index.php?rest_route=\/wp\/v2\/pages"}],"about":[{"href":"https:\/\/jimenezsilva.com\/index.php?rest_route=\/wp\/v2\/types\/page"}],"author":[{"embeddable":true,"href":"https:\/\/jimenezsilva.com\/index.php?rest_route=\/wp\/v2\/users\/1"}],"replies":[{"embeddable":true,"href":"https:\/\/jimenezsilva.com\/index.php?rest_route=%2Fwp%2Fv2%2Fcomments&post=19"}],"version-history":[{"count":10,"href":"https:\/\/jimenezsilva.com\/index.php?rest_route=\/wp\/v2\/pages\/19\/revisions"}],"predecessor-version":[{"id":1007,"href":"https:\/\/jimenezsilva.com\/index.php?rest_route=\/wp\/v2\/pages\/19\/revisions\/1007"}],"wp:attachment":[{"href":"https:\/\/jimenezsilva.com\/index.php?rest_route=%2Fwp%2Fv2%2Fmedia&parent=19"}],"curies":[{"name":"wp","href":"https:\/\/api.w.org\/{rel}","templated":true}]}}