{"id":156,"date":"2019-08-12T21:42:12","date_gmt":"2019-08-13T02:42:12","guid":{"rendered":"http:\/\/jimenezsilva.com\/?page_id=156"},"modified":"2019-08-16T15:02:08","modified_gmt":"2019-08-16T20:02:08","slug":"home","status":"publish","type":"page","link":"https:\/\/jimenezsilva.com\/","title":{"rendered":"Inicio"},"content":{"rendered":"\n<div class=\"wp-block-columns has-3-columns is-services is-layout-flex wp-container-core-columns-is-layout-9d6595d7 wp-block-columns-is-layout-flex\">\n<div class=\"wp-block-column is-layout-flow wp-block-column-is-layout-flow\">\n<figure class=\"wp-block-image\"><img loading=\"lazy\" decoding=\"async\" width=\"292\" height=\"172\" src=\"https:\/\/jimenezsilva.com\/wp-content\/uploads\/2019\/08\/download.jpg\" alt=\"\" class=\"wp-image-343\"\/><\/figure>\n\n\n\n<h3 class=\"wp-block-heading\"><a href=\"#\">COMPRA<\/a><\/h3>\n\n\n\n<p> Usted no necesita saber todo acerca de comprar propiedades, si usted contrata un asesor Inmobiliario, contar\u00e1 con el respaldo de un profesional con formaci\u00f3n en el \u00e1rea de bienes ra\u00edces&nbsp;.<\/p>\n\n\n\n<p><\/p>\n<\/div>\n\n\n\n<div class=\"wp-block-column is-layout-flow wp-block-column-is-layout-flow\">\n<figure class=\"wp-block-image\"><img loading=\"lazy\" decoding=\"async\" width=\"301\" height=\"167\" src=\"https:\/\/jimenezsilva.com\/wp-content\/uploads\/2019\/08\/descarga-1-1.jpg\" alt=\"\" class=\"wp-image-349\" srcset=\"https:\/\/jimenezsilva.com\/wp-content\/uploads\/2019\/08\/descarga-1-1.jpg 301w, https:\/\/jimenezsilva.com\/wp-content\/uploads\/2019\/08\/descarga-1-1-300x166.jpg 300w\" sizes=\"auto, (max-width: 301px) 100vw, 301px\" \/><\/figure>\n\n\n\n<h3 class=\"wp-block-heading\"><a href=\"#\">VENTA<\/a><\/h3>\n\n\n\n<p> El asesor inmobiliario cuenta con informaci\u00f3n clave, de tal forma que le podr\u00e1 asesorar sobre el mejor precio de su propiedad y podr\u00e1 establecer las mejores estrategias para la venta de la misma. <\/p>\n\n\n\n<p><\/p>\n<\/div>\n\n\n\n<div class=\"wp-block-column is-layout-flow wp-block-column-is-layout-flow\">\n<figure class=\"wp-block-image\"><img loading=\"lazy\" decoding=\"async\" width=\"268\" height=\"188\" src=\"https:\/\/jimenezsilva.com\/wp-content\/uploads\/2019\/08\/descarga-2.jpg\" alt=\"\" class=\"wp-image-350\"\/><\/figure>\n\n\n\n<h3 class=\"wp-block-heading\"><a href=\"#\">RENTA<\/a><\/h3>\n\n\n\n<p style=\"text-align:left\"> El tener un asesor inmobiliario al rentar una casa, departamento o terreno tiene muchos beneficios, ya que estos cuentan con la experiencia y las bases para satisfacer tus necesidades de la mejor manera.&nbsp; <\/p>\n\n\n\n<p><\/p>\n\n\n\n<p><\/p>\n<\/div>\n<\/div>\n\n\n\n<div class=\"wp-block-columns has-2-columns is-main-message is-layout-flex wp-container-core-columns-is-layout-9d6595d7 wp-block-columns-is-layout-flex\">\n<div class=\"wp-block-column is-layout-flow wp-block-column-is-layout-flow\">\n<h3 class=\"wp-block-heading\">Ventajas de un Asesor Inmobiliario<\/h3>\n\n\n\n<p>Un asesor inmobiliario al elegir una casa, departamento o terreno tiene beneficios. La experiencia y conocimientos es lo que Ud. contrata.<\/p>\n\n\n\n<p><br><strong>Experiencia y Preparaci\u00f3n<\/strong><br>Un asesor Inmobiliario, es el respaldo de un profesional con formaci\u00f3n en el \u00e1rea de bienes ra\u00edces, garantizando una negociaci\u00f3n adecuada. <br><\/p>\n\n\n\n<p><strong>Conocimiento del mercado<\/strong> <\/p>\n\n\n\n<p>El asesor inmobiliario cuenta con informaci\u00f3n especializada, mejorando el precio de su propiedad y establecer los mejores precios de venta o renta.<\/p>\n\n\n\n<p><strong>Base de Datos<\/strong><br>Una base de clientes para compra, venta o renta<\/p>\n\n\n\n<p><strong>Negociaci\u00f3n <\/strong><br>Una buena negociaci\u00f3n es clave para el \u00e9xito en una venta o renta. <\/p>\n\n\n\n<p><strong>Asesor\u00eda Profesional<\/strong><\/p>\n\n\n\n<p>El agente inmobiliario le brinda asesor\u00eda en financiamiento, aspectos legales y tr\u00e1mites de gestor\u00eda en los municipios..<\/p>\n<\/div>\n\n\n\n<div class=\"wp-block-column is-layout-flow wp-block-column-is-layout-flow\">\n<div class=\"wp-block-image\"><figure class=\"aligncenter is-resized\"><img loading=\"lazy\" decoding=\"async\" src=\"https:\/\/jimenezsilva.com\/wp-content\/uploads\/2019\/08\/home-4.jpg\" alt=\"\" width=\"413\" height=\"550\"\/><\/figure><\/div>\n<\/div>\n<\/div>\n\n\n\n<div style=\"height:27px\" aria-hidden=\"true\" class=\"wp-block-spacer\"><\/div>\n\n\n\n<h3 class=\"wp-block-heading\"><\/h3>\n\n\n\n<div class=\"wp-block-coblocks-row coblocks-row-77123959945\" data-columns=\"2\" data-layout=\"66-33\"><div class=\"wp-block-coblocks-row__inner has-medium-gutter has-no-padding has-no-margin is-stacked-on-mobile\">\n<div class=\"wp-block-coblocks-column coblocks-column-771240515\" style=\"width:66%\"><div class=\"wp-block-coblocks-column__inner has-no-padding has-no-margin\">\n<p><\/p>\n<\/div><\/div>\n\n\n\n<div class=\"wp-block-coblocks-column coblocks-column-771240519\" style=\"width:33%\"><div class=\"wp-block-coblocks-column__inner has-no-padding has-no-margin\"><\/div><\/div>\n<\/div><\/div>\n","protected":false},"excerpt":{"rendered":"<p>COMPRA Usted no necesita saber todo acerca de comprar propiedades, si usted contrata un asesor Inmobiliario, contar\u00e1 con el respaldo&hellip;<\/p>\n","protected":false},"author":1,"featured_media":0,"parent":0,"menu_order":0,"comment_status":"closed","ping_status":"closed","template":"","meta":{"_coblocks_attr":"","_coblocks_dimensions":"","_coblocks_responsive_height":"","_coblocks_accordion_ie_support":"","_joinchat":[],"footnotes":""},"class_list":["post-156","page","type-page","status-publish","hentry"],"_links":{"self":[{"href":"https:\/\/jimenezsilva.com\/index.php?rest_route=\/wp\/v2\/pages\/156","targetHints":{"allow":["GET"]}}],"collection":[{"href":"https:\/\/jimenezsilva.com\/index.php?rest_route=\/wp\/v2\/pages"}],"about":[{"href":"https:\/\/jimenezsilva.com\/index.php?rest_route=\/wp\/v2\/types\/page"}],"author":[{"embeddable":true,"href":"https:\/\/jimenezsilva.com\/index.php?rest_route=\/wp\/v2\/users\/1"}],"replies":[{"embeddable":true,"href":"https:\/\/jimenezsilva.com\/index.php?rest_route=%2Fwp%2Fv2%2Fcomments&post=156"}],"version-history":[{"count":11,"href":"https:\/\/jimenezsilva.com\/index.php?rest_route=\/wp\/v2\/pages\/156\/revisions"}],"predecessor-version":[{"id":404,"href":"https:\/\/jimenezsilva.com\/index.php?rest_route=\/wp\/v2\/pages\/156\/revisions\/404"}],"wp:attachment":[{"href":"https:\/\/jimenezsilva.com\/index.php?rest_route=%2Fwp%2Fv2%2Fmedia&parent=156"}],"curies":[{"name":"wp","href":"https:\/\/api.w.org\/{rel}","templated":true}]}}